{"id":1305,"date":"2023-06-06T16:04:50","date_gmt":"2023-06-06T14:04:50","guid":{"rendered":"https:\/\/amicidelbunker.altervista.org\/?page_id=1305"},"modified":"2023-06-06T16:04:50","modified_gmt":"2023-06-06T14:04:50","slug":"la-societa","status":"publish","type":"page","link":"https:\/\/www.asdamicidelbunker.org\/WP\/la-societa\/","title":{"rendered":"LA SOCIET\u00c0"},"content":{"rendered":"\n<figure class=\"wp-block-image size-large is-resized\"><img loading=\"lazy\" decoding=\"async\" src=\"https:\/\/amicidelbunker.altervista.org\/wp-content\/uploads\/2023\/06\/la-societa-960x540.png\" alt=\"Foto del Golfo di Trieste in cui si vede un edificio appartenente alla societ\u00e0 &quot;Amici del Bunker&quot; e in cui si vedono i posti barca riservati ai soci.\" class=\"wp-image-2095\" width=\"1290\" height=\"726\"\/><\/figure>\n\n\n<p>La societ\u00e0 &#8220;Amici del Bunker&#8221;, nasce a&nbsp;<strong>Barcola&nbsp;(TS)<\/strong> nel 1976. In quel periodo, era comune per i pescatori della zona incontrarsi e discutere. Gli argomenti principali erano la pesca sportiva con la lenza (&#8220;<i>togna<\/i>&#8221; in dialetto) e la difesa dei posti barca. Il&nbsp;<strong>22 maggio 1976<\/strong>, \u00e8 stata finalmente fondata la societ\u00e0 &#8220;Gruppo Pesca Sportiva Amici del Bunker&#8221;. Proprio vicino alla storica sede che i pescatori di un tempo si incontravano.<\/p>\n<figure><figcaption><\/figcaption><\/figure>\n<p>Negli anni, la societ\u00e0 \u00e8 cresciuta, accogliendo sempre pi\u00f9 soci fino ad arrivare a <b>oltre 300 membri<\/b>. Per il trentennale, il <a href=\"https:\/\/amicidelbunker.altervista.org\/organigramma\/\">presidente Alfonso Lattanzio e il Consiglio<\/a> hanno ristrutturato la sede e la terrazza sul mare. La societ\u00e0 ha organizzato tanti eventi per finanziare le attivit\u00e0 sportive e sociali, compresa la &#8220;Tre giorni Barcolana&#8221;. La societ\u00e0 \u00e8 stata la prima nell&#8217;Alto Adriatico ad organizzare una gara di windsurf quando l&#8217;uso della tavola a vela era ancora una novit\u00e0.&nbsp;Gli Amici del Bunker hanno, inoltre, creato la <strong style=\"font-size: inherit; text-align: inherit; font-family: var(--fontFamily); font-style: var(--fontStyle, inherit); letter-spacing: var(--letterSpacing); text-transform: var(--textTransform);\">prima scuola di pesca sportiva per ragazzi<\/strong> della regione. La scuola ha avuto il riconoscimento del CONI per avvicinare anche i pi\u00f9 piccoli allo sport.<\/p>\n<p>La societ\u00e0 possiede un curriculum sportivo di tutto rispetto, poich\u00e9 ogni anno almeno un paio di soci si qualificano alle finali dei campionati italiani. Tra i soci, c&#8217;\u00e8 stata anche&nbsp;una <b>campionessa italiana<\/b>, unica donna ad aver vinto il campionato italiano assoluto, gareggiando contro quasi solo uomini arrivati alle finali.<\/p>\n<p>Infine, la questione degli &#8220;ormeggi selvaggi&#8221; \u00e8 stata risolta grazie alla Capitaneria di Porto, alle societ\u00e0 concessionarie e l&#8217;appoggio della <a href=\"https:\/\/www.fipsas.it\/\">Federazione Pesca Sportiva<\/a> a cui la societ\u00e0 \u00e8 affiliata.<\/p>","protected":false},"excerpt":{"rendered":"<p>La societ\u00e0 &#8220;Amici del Bunker&#8221;, nasce a&nbsp;Barcola&nbsp;(TS) nel 1976. In quel periodo, era comune per i pescatori della zona incontrarsi e discutere. Gli argomenti principali erano la pesca sportiva con la lenza (&#8220;togna&#8221; in dialetto) e la difesa dei posti barca. Il&nbsp;22 maggio 1976, \u00e8 stata finalmente fondata la societ\u00e0 &#8220;Gruppo Pesca Sportiva Amici del [&hellip;]<\/p>\n","protected":false},"author":2,"featured_media":0,"parent":0,"menu_order":0,"comment_status":"closed","ping_status":"closed","template":"","meta":{"footnotes":""},"class_list":["post-1305","page","type-page","status-publish","hentry"],"blocksy_meta":{"has_hero_section":"default","hero_elements":[{"id":"custom_title","enabled":true,"heading_tag":"h1","title":"Home","__id":"CvC3pYfSwrGJ_nOLU6tge"},{"id":"custom_description","enabled":true,"description_visibility":{"desktop":true,"tablet":true,"mobile":false},"__id":"GJw5e9JgDpiO2HbOrTjlU"},{"id":"custom_meta","enabled":true,"meta_elements":[{"id":"author","enabled":true,"label":"By","has_author_avatar":"yes","avatar_size":25},{"id":"post_date","enabled":true,"label":"On","date_format_source":"default","date_format":"M j, Y"},{"id":"updated_date","enabled":false,"label":"On","date_format_source":"default","date_format":"M j, Y"},{"id":"categories","enabled":false,"label":"In","style":"simple"},{"id":"comments","enabled":true}],"page_meta_elements":{"joined":true,"articles_count":true,"comments":true},"__id":"qrXnVTycv60HhdLs2qNSU"},{"id":"breadcrumbs","enabled":false,"__id":"31bqxWarYjbtjKQ4skh-M"}],"hero_margin":{"desktop":"153","tablet":"0","mobile":"0","__changed":["tablet"]},"hero_section":"type-1"},"aioseo_notices":[],"_links":{"self":[{"href":"https:\/\/www.asdamicidelbunker.org\/WP\/wp-json\/wp\/v2\/pages\/1305","targetHints":{"allow":["GET"]}}],"collection":[{"href":"https:\/\/www.asdamicidelbunker.org\/WP\/wp-json\/wp\/v2\/pages"}],"about":[{"href":"https:\/\/www.asdamicidelbunker.org\/WP\/wp-json\/wp\/v2\/types\/page"}],"author":[{"embeddable":true,"href":"https:\/\/www.asdamicidelbunker.org\/WP\/wp-json\/wp\/v2\/users\/2"}],"replies":[{"embeddable":true,"href":"https:\/\/www.asdamicidelbunker.org\/WP\/wp-json\/wp\/v2\/comments?post=1305"}],"version-history":[{"count":0,"href":"https:\/\/www.asdamicidelbunker.org\/WP\/wp-json\/wp\/v2\/pages\/1305\/revisions"}],"wp:attachment":[{"href":"https:\/\/www.asdamicidelbunker.org\/WP\/wp-json\/wp\/v2\/media?parent=1305"}],"curies":[{"name":"wp","href":"https:\/\/api.w.org\/{rel}","templated":true}]}}